{"id":923,"date":"2022-07-07T12:34:13","date_gmt":"2022-07-07T12:34:13","guid":{"rendered":"https:\/\/perfekt-futur.de\/?page_id=923"},"modified":"2022-10-13T13:19:39","modified_gmt":"2022-10-13T13:19:39","slug":"download","status":"publish","type":"page","link":"https:\/\/perfekt-futur.de\/en\/download\/","title":{"rendered":"Download"},"content":{"rendered":"<p>By downloading the images on <a href=\"http:\/\/www.perfekt-futur.de\">www.perfekt-futur.de<\/a> you agree to the respective terms of use. The Terms of Use are defined in the zip folders.<\/p>\n<h3>BEWERBUNGSBOGEN<\/h3>\n<p>Sie k\u00f6nnen das ausgef\u00fcllte Formular per E-Mail (KFG@KARLSRUHE.DE) oder per Post (Karlsruher F\u00e4cher GmbH &amp; Co. Stadtentwicklungs-KG, Z\u00e4hringerstr. 72, 76133 Karlsruhe) an uns zur\u00fcck senden.<\/p>\n<p><img loading=\"lazy\" decoding=\"async\" class=\"alignnone size-full wp-image-752\" src=\"https:\/\/perfekt-futur.de\/wp-content\/uploads\/2022\/09\/application-pdf.png\" alt=\"\" width=\"16\" height=\"16\" \/>\u00a0<a href=\"https:\/\/perfekt-futur.de\/wp-content\/uploads\/2022\/09\/bewerbung_pefu.pdf\">bewerbung_pefu.pdf<\/a><br \/>\n514.13 KB Deutsch<\/p>\n<h3>BILDERARCHIV BESPRECHUNGSCONTAINER A1<\/h3>\n<p>Zip-Archiv mit Bilder in Jpeg-Format f\u00fcr die Verwendung als Druck oder Web. Die Nutzungsbedingungen befinden sich im Zip-Ordner.<\/p>\n<p><img loading=\"lazy\" decoding=\"async\" class=\"alignnone size-full wp-image-753\" src=\"https:\/\/perfekt-futur.de\/wp-content\/uploads\/2022\/09\/package-x-generic.png\" alt=\"\" width=\"16\" height=\"16\" \/> <a href=\"https:\/\/perfekt-futur.de\/wp-content\/uploads\/2022\/09\/bilder_perfekt-futur_kfe.zip\">BILDER_PERFEKT-FUTUR_KFE.ZIP<\/a><br \/>\n4.45 MB<\/p>\n<h3>BILDERARCHIV PERFEKT FUTUR<\/h3>\n<p>Zip-Archiv mit Bilder in Jpeg-Format f\u00fcr die Verwendung als Druck oder Web. Die Nutzungsbedingungen befinden sich im Zip-Ordner.<\/p>\n<p><img loading=\"lazy\" decoding=\"async\" class=\"alignnone size-full wp-image-753\" src=\"https:\/\/perfekt-futur.de\/wp-content\/uploads\/2022\/09\/package-x-generic.png\" alt=\"\" width=\"16\" height=\"16\" \/> <a href=\"https:\/\/perfekt-futur.de\/wp-content\/uploads\/2022\/09\/bilder_fidelis_fuchs.zip\">BILDER_FIDELIS_FUCHS.ZIP<\/a><br \/>\n17.19 MB<\/p>\n<h3>BILDERARCHIV PERFEKT FUTUR TEIL 01<\/h3>\n<p>Zip-Archiv mit Bilder in Jpeg-Format f\u00fcr die Verwendung als Druck oder Web. Die Nutzungsbedingungen befinden sich im Zip-Ordner.<\/p>\n<p><img loading=\"lazy\" decoding=\"async\" class=\"alignnone size-full wp-image-753\" src=\"https:\/\/perfekt-futur.de\/wp-content\/uploads\/2022\/09\/package-x-generic.png\" alt=\"\" width=\"16\" height=\"16\" \/> <a href=\"https:\/\/perfekt-futur.de\/wp-content\/uploads\/2022\/09\/bilder_hska_altenkirch_teil_01.zip\">BILDER_HSKA_ALTENKIRCH TEIL 01.ZIP<\/a><br \/>\n46.66 MB<\/p>\n<h3>BILDERARCHIV PERFEKT FUTUR TEIL 02<\/h3>\n<p>Zip-Archiv mit Bilder in Jpeg-Format f\u00fcr die Verwendung als Druck oder Web. Die Nutzungsbedingungen befinden sich im Zip-Ordner.<\/p>\n<p><img loading=\"lazy\" decoding=\"async\" class=\"alignnone size-full wp-image-753\" src=\"https:\/\/perfekt-futur.de\/wp-content\/uploads\/2022\/09\/package-x-generic.png\" alt=\"\" width=\"16\" height=\"16\" \/> <a href=\"https:\/\/perfekt-futur.de\/wp-content\/uploads\/2022\/09\/bilder_hska_altenkirch_teil_02.zip\">BILDER_HSKA_ALTENKIRCH TEIL 02.ZIP<\/a><br \/>\n47.03 MB<\/p>\n<h3>BILDERARCHIV PERFEKT FUTUR TEIL 03<\/h3>\n<p>Zip-Archiv mit Bilder in Jpeg-Format f\u00fcr die Verwendung als Druck oder Web. Die Nutzungsbedingungen befinden sich im Zip-Ordner.<\/p>\n<p><img loading=\"lazy\" decoding=\"async\" class=\"alignnone size-full wp-image-753\" src=\"https:\/\/perfekt-futur.de\/wp-content\/uploads\/2022\/09\/package-x-generic.png\" alt=\"\" width=\"16\" height=\"16\" \/> <a href=\"https:\/\/perfekt-futur.de\/wp-content\/uploads\/2022\/09\/bilder_hska_altenkirch_teil_03.zip\">BILDER_HSKA_ALTENKIRCH TEIL 03.ZIP<\/a><br \/>\n42.39 MB<\/p>\n<h3>GRUNDRISSE PERFEKT FUTUR<\/h3>\n<p>Zip-Archiv mit Grundrisse und Schnitte in Pdf-Format. Bitte bei Verwendung immer auf den Alten Schlachthof Karlsruhe und die Karlsruhe F\u00e4cher GmbH verweisen.<\/p>\n<p><img loading=\"lazy\" decoding=\"async\" class=\"alignnone size-full wp-image-753\" src=\"https:\/\/perfekt-futur.de\/wp-content\/uploads\/2022\/09\/package-x-generic.png\" alt=\"\" width=\"16\" height=\"16\" \/>\u00a0<a href=\"https:\/\/perfekt-futur.de\/wp-content\/uploads\/2022\/09\/grundrisse_perfekt-futur.zip\">GRUNDRISSE_PERFEKT-FUTUR.ZIP<\/a><br \/>\n2.38 MB<\/p>\n<h3>INFORMATION BROSCHURE ALTER SCHLACHTHOF ENGLISH<\/h3>\n<p>PDF-File containing Information about the conversion process of Alter Schlachthof.<\/p>\n<p><img loading=\"lazy\" decoding=\"async\" class=\"alignnone size-full wp-image-752\" src=\"https:\/\/perfekt-futur.de\/wp-content\/uploads\/2022\/09\/application-pdf.png\" alt=\"\" width=\"16\" height=\"16\" \/> <a href=\"https:\/\/perfekt-futur.de\/wp-content\/uploads\/2022\/10\/info_alter_schlachthof_en.pdf\">INFO_ALTER_SCHLACHTHOF_EN.PDF<\/a><\/p>\n<p>3.02 MB Englisch<\/p>\n<h3>INFORMATIONSBROSCH\u00dcRE ALTER SCHLACHTHOF DEUTSCH<\/h3>\n<p>Pdf-Datei mit Informationen \u00fcber das Konversionsprozess des Alten Schlachthofs.<\/p>\n<p><img loading=\"lazy\" decoding=\"async\" class=\"alignnone size-full wp-image-752\" src=\"https:\/\/perfekt-futur.de\/wp-content\/uploads\/2022\/09\/application-pdf.png\" alt=\"\" width=\"16\" height=\"16\" \/> <a href=\"https:\/\/perfekt-futur.de\/wp-content\/uploads\/2022\/10\/informationsbroschuere_alter_schlachthof_de.pdf\">INFORMATIONSBROSCHUERE_ALTER_SCHLACHTHOF_DE.PDF<\/a><br \/>\n1.39 MB Deutsch<\/p>\n<h3>INFORMATIONSBROSCH\u00dcRE PERFEKT FUTUR<\/h3>\n<p>Pdf-Datei mit Informationen \u00fcber das Konzept und dem Umbau der ehemaligen Schweinemarkthalle in ein Gr\u00fcnderzentrum f\u00fcr Kreativschaffende.<\/p>\n<p><img loading=\"lazy\" decoding=\"async\" class=\"alignnone size-full wp-image-752\" src=\"https:\/\/perfekt-futur.de\/wp-content\/uploads\/2022\/09\/application-pdf.png\" alt=\"\" width=\"16\" height=\"16\" \/><a href=\"https:\/\/perfekt-futur.de\/wp-content\/uploads\/2022\/10\/infobroschuere_perfektfutur_de.pdf\">INFOBROSCHUERE_PERFEKTFUTUR_DE.PDF<\/a><br \/>\n9.86 MB Deutsch<\/p>\n<h3>LIVRET D&#8217;INFORMATION ALTER SCHLACHTHOF FRAN\u00c7AIS<\/h3>\n<p>Pdf &#8211; fichier contenant des informations sur le processus de conversion de Alter Schlachthof.<\/p>\n<p><img loading=\"lazy\" decoding=\"async\" class=\"alignnone size-full wp-image-752\" src=\"https:\/\/perfekt-futur.de\/wp-content\/uploads\/2022\/09\/application-pdf.png\" alt=\"\" width=\"16\" height=\"16\" \/> <a href=\"https:\/\/perfekt-futur.de\/wp-content\/uploads\/2022\/10\/info_alter_schlachtho_fr.pdf\">INFO_ALTER_SCHLACHTHO_FR.PDF<\/a><br \/>\n4.76 MB<\/p>\n","protected":false},"excerpt":{"rendered":"<p>By downloading the images on www.perfekt-futur.de you agree to the respective terms of use. The Terms of Use are defined in the zip folders. BEWERBUNGSBOGEN Sie k\u00f6nnen das ausgef\u00fcllte Formular per E-Mail (KFG@KARLSRUHE.DE) oder per Post (Karlsruher F\u00e4cher GmbH &amp; Co. Stadtentwicklungs-KG, Z\u00e4hringerstr. 72, 76133 Karlsruhe) an uns zur\u00fcck senden. \u00a0bewerbung_pefu.pdf 514.13 KB Deutsch BILDERARCHIV<\/p>\n<div class=\"link\"><a href=\"https:\/\/perfekt-futur.de\/en\/download\/\" rel=\"nofollow\">Mehr lesen<\/a><\/div>\n","protected":false},"author":2,"featured_media":0,"parent":0,"menu_order":210,"comment_status":"closed","ping_status":"closed","template":"","meta":{"_acf_changed":false,"footnotes":""},"class_list":["post-923","page","type-page","status-publish","hentry"],"acf":[],"_links":{"self":[{"href":"https:\/\/perfekt-futur.de\/en\/wp-json\/wp\/v2\/pages\/923","targetHints":{"allow":["GET"]}}],"collection":[{"href":"https:\/\/perfekt-futur.de\/en\/wp-json\/wp\/v2\/pages"}],"about":[{"href":"https:\/\/perfekt-futur.de\/en\/wp-json\/wp\/v2\/types\/page"}],"author":[{"embeddable":true,"href":"https:\/\/perfekt-futur.de\/en\/wp-json\/wp\/v2\/users\/2"}],"replies":[{"embeddable":true,"href":"https:\/\/perfekt-futur.de\/en\/wp-json\/wp\/v2\/comments?post=923"}],"version-history":[{"count":0,"href":"https:\/\/perfekt-futur.de\/en\/wp-json\/wp\/v2\/pages\/923\/revisions"}],"wp:attachment":[{"href":"https:\/\/perfekt-futur.de\/en\/wp-json\/wp\/v2\/media?parent=923"}],"curies":[{"name":"wp","href":"https:\/\/api.w.org\/{rel}","templated":true}]}}