{"id":49,"date":"2022-07-07T12:25:27","date_gmt":"2022-07-07T12:25:27","guid":{"rendered":"https:\/\/perfekt-futur.de\/?page_id=49"},"modified":"2022-10-13T15:09:39","modified_gmt":"2022-10-13T15:09:39","slug":"bewerbung","status":"publish","type":"page","link":"https:\/\/perfekt-futur.de\/en\/bewerbung\/","title":{"rendered":"Bewerbung"},"content":{"rendered":"<h2>SIE M\u00d6CHTEN DABEI GEWESEN SEIN?<\/h2>\n<p>Sie planen die Gr\u00fcndung eines Unternehmens oder einer Selbstst\u00e4ndigkeit innerhalb der 11 Branchen der Kultur- und Kreativwirtschaft* oder haben innerhalb dieser Branchen bereits gegr\u00fcndet oder sich selbstst\u00e4ndig gemacht. Es sind auch Vorhaben m\u00f6glich, die eine erg\u00e4nzende Funktion zur Kultur- und Kreativwirtschaft darstellen. Bei einer solchen Nutzung ist jedoch eine Einzelfallbetrachtung erforderlich. Allerdings sollte Ihre T\u00e4tigkeit so strukturiert sein, dass das Arbeiten mit anderen in einem Gro\u00dfraum funktioniert. Wenn Sie also besonders viel L\u00e4rm machen, besondere Maschinen verwenden oder sonstige Emissionen verursachen, ist das Perfekt Futur vielleicht f\u00fcr Sie nicht der geeignete Ort, wir helfen Ihnen aber trotzdem gerne weiter.<\/p>\n<p>Gerne k\u00f6nnen Sie sich bei uns f\u00fcr die Anmietung von Containerfl\u00e4chen bewerben. Bitte f\u00fcllen Sie hierzu entweder das entsprechende <a href=\"https:\/\/perfekt-futur.de\/wp-content\/uploads\/2022\/09\/bewerbung_pefu.pdf\">bewerbung_pefu<\/a> aus, das Sie im Downloadbereich finden und senden das ausgef\u00fcllte Formular per E-Mail (<a href=\"mailto:KFG@KARLSRUHE.DE\">KFG@KARLSRUHE.DE<\/a>) oder per Post (Karlsruher F\u00e4cher GmbH &amp; Co. Stadtentwicklungs-KG, Z\u00e4hringerstr. 72, 76133 Karlsruhe) an uns zur\u00fcck oder klicken Sie <a href=\"https:\/\/perfekt-futur.de\/bewerbungsformular\/\">hier<\/a>.<\/p>\n<p><a href=\"https:\/\/perfekt-futur.de\/bewerbungsformular\/\">Zur Online-Bewerbung<\/a><\/p>\n","protected":false},"excerpt":{"rendered":"<p>SIE M\u00d6CHTEN DABEI GEWESEN SEIN? Sie planen die Gr\u00fcndung eines Unternehmens oder einer Selbstst\u00e4ndigkeit innerhalb der 11 Branchen der Kultur- und Kreativwirtschaft* oder haben innerhalb dieser Branchen bereits gegr\u00fcndet oder sich selbstst\u00e4ndig gemacht. Es sind auch Vorhaben m\u00f6glich, die eine erg\u00e4nzende Funktion zur Kultur- und Kreativwirtschaft darstellen. Bei einer solchen Nutzung ist jedoch eine Einzelfallbetrachtung<\/p>\n<div class=\"link\"><a href=\"https:\/\/perfekt-futur.de\/en\/bewerbung\/\" rel=\"nofollow\">Mehr lesen<\/a><\/div>\n","protected":false},"author":2,"featured_media":0,"parent":0,"menu_order":40,"comment_status":"closed","ping_status":"closed","template":"","meta":{"_acf_changed":false,"footnotes":""},"class_list":["post-49","page","type-page","status-publish","hentry"],"acf":[],"_links":{"self":[{"href":"https:\/\/perfekt-futur.de\/en\/wp-json\/wp\/v2\/pages\/49","targetHints":{"allow":["GET"]}}],"collection":[{"href":"https:\/\/perfekt-futur.de\/en\/wp-json\/wp\/v2\/pages"}],"about":[{"href":"https:\/\/perfekt-futur.de\/en\/wp-json\/wp\/v2\/types\/page"}],"author":[{"embeddable":true,"href":"https:\/\/perfekt-futur.de\/en\/wp-json\/wp\/v2\/users\/2"}],"replies":[{"embeddable":true,"href":"https:\/\/perfekt-futur.de\/en\/wp-json\/wp\/v2\/comments?post=49"}],"version-history":[{"count":0,"href":"https:\/\/perfekt-futur.de\/en\/wp-json\/wp\/v2\/pages\/49\/revisions"}],"wp:attachment":[{"href":"https:\/\/perfekt-futur.de\/en\/wp-json\/wp\/v2\/media?parent=49"}],"curies":[{"name":"wp","href":"https:\/\/api.w.org\/{rel}","templated":true}]}}